{"id":7,"date":"2015-01-27T11:54:04","date_gmt":"2015-01-27T11:54:04","guid":{"rendered":"https:\/\/avada.theme-fusion.com_demos\/travel\/?page_id=7"},"modified":"2020-06-19T21:27:39","modified_gmt":"2020-06-19T21:27:39","slug":"home","status":"publish","type":"page","link":"https:\/\/patagonia-summit.com\/en\/","title":{"rendered":"Home"},"content":{"rendered":"<p><div class=\"fusion-fullwidth fullwidth-box fusion-builder-row-1 bg-gradient-destacado nonhundred-percent-fullwidth non-hundred-percent-height-scrolling\" style=\"--awb-border-radius-top-left:0px;--awb-border-radius-top-right:0px;--awb-border-radius-bottom-right:0px;--awb-border-radius-bottom-left:0px;--awb-padding-top:0px;--awb-flex-wrap:wrap;\" ><div class=\"fusion-builder-row fusion-row\"><div class=\"fusion-layout-column fusion_builder_column fusion-builder-column-0 fusion_builder_column_1_2 1_2 fusion-one-half fusion-column-first\" style=\"--awb-padding-top:20px;--awb-bg-size:cover;width:50%;width:calc(50% - ( ( 4% ) * 0.5 ) );margin-right: 4%;\"><div class=\"fusion-column-wrapper fusion-column-has-shadow fusion-flex-column-wrapper-legacy\"><div class=\"fusion-sep-clear\"><\/div><div class=\"fusion-separator fusion-full-width-sep\" style=\"margin-left: auto;margin-right: auto;margin-top:10px;margin-bottom:10px;width:100%;\"><\/div><div class=\"fusion-sep-clear\"><\/div><div class=\"fusion-title title fusion-title-1 fusion-title-text fusion-title-size-two\" style=\"--awb-text-color:#ffffff;--awb-font-size:1.2em;\"><h2 class=\"fusion-title-heading title-heading-left fusion-responsive-typography-calculated\" style=\"margin:0;font-size:1em;--fontSize:18;--minFontSize:18;line-height:1.36;\"><strong>Hi, we are PATAGONIA SUMMIT<\/strong><\/h2><span class=\"awb-title-spacer\"><\/span><div class=\"title-sep-container\"><div class=\"title-sep sep- sep-solid\" style=\"border-color:#e0dede;\"><\/div><\/div><\/div><div class=\"fusion-sep-clear\"><\/div><div class=\"fusion-separator fusion-full-width-sep\" style=\"margin-left: auto;margin-right: auto;margin-top:10px;margin-bottom:10px;width:100%;\"><\/div><div class=\"fusion-sep-clear\"><\/div><div class=\"fusion-text fusion-text-1\"><p>Nos define la b\u00fasqueda constante de nuevos desaf\u00edos. Llevamos a\u00f1os explorando en armon\u00eda con la naturaleza cada rinc\u00f3n de la Patagonia, para ofrecer <strong>una experiencia \u00fanica y una aventura a tu medida<\/strong>.<\/p>\n<\/div><div class=\"fusion-clearfix\"><\/div><\/div><\/div><div class=\"fusion-layout-column fusion_builder_column fusion-builder-column-1 fusion_builder_column_1_2 1_2 fusion-one-half fusion-column-last\" style=\"--awb-padding-top:30px;--awb-padding-bottom:0px;--awb-bg-size:cover;width:50%;width:calc(50% - ( ( 4% ) * 0.5 ) );\"><div class=\"fusion-column-wrapper fusion-column-has-shadow fusion-flex-column-wrapper-legacy\"><div class=\"fusion-image-element fusion-image-align-right in-legacy-container\" style=\"text-align:right;--awb-caption-title-font-family:var(--h2_typography-font-family);--awb-caption-title-font-weight:var(--h2_typography-font-weight);--awb-caption-title-font-style:var(--h2_typography-font-style);--awb-caption-title-size:var(--h2_typography-font-size);--awb-caption-title-transform:var(--h2_typography-text-transform);--awb-caption-title-line-height:var(--h2_typography-line-height);--awb-caption-title-letter-spacing:var(--h2_typography-letter-spacing);\"><span class=\"fusion-imageframe imageframe-none imageframe-1 hover-type-none fusion-animated\" style=\"margin-left:25px;float:right;\" data-animationtype=\"fadeInDown\" data-animationduration=\"0.3\" data-animationoffset=\"top-into-view\"><img decoding=\"async\" width=\"95\" height=\"60\" alt=\"Isotipo Patagonia Summit\" title=\"iso-ps\" src=\"https:\/\/patagonia-summit.com\/wp-content\/uploads\/2019\/12\/iso-ps.png\" class=\"img-responsive wp-image-895\"\/><\/span><\/div><div class=\"fusion-sep-clear\"><\/div><div class=\"fusion-separator fusion-full-width-sep\" style=\"margin-left: auto;margin-right: auto;margin-top:10px;margin-bottom:0px;width:100%;\"><\/div><div class=\"fusion-sep-clear\"><\/div><div class=\"fusion-text fusion-text-2 white-bordered\"><p>Somos un equipo experto con a\u00f1os de trayectoria guiando, escalando, caminando y explorando toda la Patagonia.<\/p>\n<\/div><div class=\"fusion-clearfix\"><\/div><\/div><\/div><\/div><\/div><div class=\"fusion-fullwidth fullwidth-box fusion-builder-row-2 fusion-parallax-none nonhundred-percent-fullwidth non-hundred-percent-height-scrolling\" style=\"--awb-background-position:center top;--awb-border-radius-top-left:0px;--awb-border-radius-top-right:0px;--awb-border-radius-bottom-right:0px;--awb-border-radius-bottom-left:0px;--awb-padding-top:60px;--awb-padding-bottom:45px;--awb-background-color:#f0f0ed;--awb-background-image:linear-gradient(360deg, rgba(96,125,139,0.51) 0%,rgba(255,255,255,0) 60%),url(https:\/\/patagonia-summit.com\/wp-content\/uploads\/2019\/12\/mountain-bg-229x300.jpg);;--awb-background-size:cover;--awb-border-sizes-top:0px;--awb-border-sizes-bottom:0px;--awb-flex-wrap:wrap;\" ><div class=\"fusion-builder-row fusion-row\"><div class=\"fusion-layout-column fusion_builder_column fusion-builder-column-2 fusion_builder_column_1_1 1_1 fusion-one-full fusion-column-first fusion-column-last fusion-column-no-min-height\" style=\"--awb-bg-size:cover;--awb-margin-bottom:0px;\"><div class=\"fusion-column-wrapper fusion-flex-column-wrapper-legacy\"><div class=\"fusion-recent-works fusion-portfolio-element fusion-portfolio fusion-portfolio-1 fusion-portfolio-grid fusion-portfolio-paging-pagination fusion-portfolio-three fusion-portfolio-no_text fusion-portfolio-rollover\" data-id=\"-rw-1\" data-columns=\"three\"><style type=\"text\/css\">.fusion-portfolio-1 .fusion-portfolio-wrapper .fusion-col-spacing{padding:5px;}<\/style><div class=\"fusion-portfolio-wrapper\" id=\"fusion-portfolio-1\" data-picturesize=\"auto\" data-pages=\"1\" style=\"margin:-5px;\"><article id=\"portfolio-1-post-50\" class=\"fusion-portfolio-post aventura expediciones fusion-col-spacing post-50\"><div class=\"fusion-portfolio-content-wrapper\" style=\"border:none;\"><span class=\"entry-title rich-snippet-hidden\">EXPEDITIONS<\/span><span class=\"vcard rich-snippet-hidden\"><span class=\"fn\"><a href=\"https:\/\/patagonia-summit.com\/en\/author\/administrators\/\" title=\"Posts by administrators\" rel=\"author\">administrators<\/a><\/span><\/span><span class=\"updated rich-snippet-hidden\">2020-06-18T21:28:18+00:00<\/span><div  class=\"fusion-image-wrapper\" aria-haspopup=\"true\">\n\t\t\t\t<img decoding=\"async\" width=\"800\" height=\"600\" src=\"https:\/\/patagonia-summit.com\/wp-content\/uploads\/2020\/05\/expediciones-home-base.jpg\" class=\"attachment-full size-full wp-post-image\" alt=\"\" srcset=\"https:\/\/patagonia-summit.com\/wp-content\/uploads\/2020\/05\/expediciones-home-base-200x150.jpg 200w, https:\/\/patagonia-summit.com\/wp-content\/uploads\/2020\/05\/expediciones-home-base-400x300.jpg 400w, https:\/\/patagonia-summit.com\/wp-content\/uploads\/2020\/05\/expediciones-home-base-600x450.jpg 600w, https:\/\/patagonia-summit.com\/wp-content\/uploads\/2020\/05\/expediciones-home-base.jpg 800w\" sizes=\"(min-width: 2200px) 100vw, (min-width: 824px) 383px, (min-width: 732px) 575px, (min-width: 640px) 732px, \" \/><div class=\"fusion-rollover\">\n\t<div class=\"fusion-rollover-content\">\n\n\t\t\t\t\n\t\t\n\t\t\t\t\t\t\t\t\t\t\t\t<h4 class=\"fusion-rollover-title\">\n\t\t\t\t\t<a class=\"fusion-rollover-title-link\" href=\"https:\/\/patagonia-summit.com\/en\/our-destination\/expediciones\/?portfolioCats=23%2C24%2C25%2C33%2C42%2C22\">\n\t\t\t\t\t\tEXPEDITIONS\t\t\t\t\t<\/a>\n\t\t\t\t<\/h4>\n\t\t\t\n\t\t\t\t\t\t\t\t\n\t\t\n\t\t\t\t\t\t<a class=\"fusion-link-wrapper\" href=\"https:\/\/patagonia-summit.com\/en\/our-destination\/expediciones\/?portfolioCats=23%2C24%2C25%2C33%2C42%2C22\" aria-label=\"EXPEDITIONS\"><\/a>\n\t<\/div>\n<\/div>\n<\/div>\n<\/div><\/article><article id=\"portfolio-1-post-53\" class=\"fusion-portfolio-post aventura esqui fusion-col-spacing post-53\"><div class=\"fusion-portfolio-content-wrapper\" style=\"border:none;\"><span class=\"entry-title rich-snippet-hidden\">Esqui<\/span><span class=\"vcard rich-snippet-hidden\"><span class=\"fn\"><a href=\"https:\/\/patagonia-summit.com\/en\/author\/administrators\/\" title=\"Posts by administrators\" rel=\"author\">administrators<\/a><\/span><\/span><span class=\"updated rich-snippet-hidden\">2020-06-19T21:55:39+00:00<\/span><div  class=\"fusion-image-wrapper\" aria-haspopup=\"true\">\n\t\t\t\t<img decoding=\"async\" width=\"800\" height=\"600\" src=\"https:\/\/patagonia-summit.com\/wp-content\/uploads\/2020\/05\/esqui-home-base.jpg\" class=\"attachment-full size-full wp-post-image\" alt=\"\" srcset=\"https:\/\/patagonia-summit.com\/wp-content\/uploads\/2020\/05\/esqui-home-base-200x150.jpg 200w, https:\/\/patagonia-summit.com\/wp-content\/uploads\/2020\/05\/esqui-home-base-400x300.jpg 400w, https:\/\/patagonia-summit.com\/wp-content\/uploads\/2020\/05\/esqui-home-base-600x450.jpg 600w, https:\/\/patagonia-summit.com\/wp-content\/uploads\/2020\/05\/esqui-home-base.jpg 800w\" sizes=\"(min-width: 2200px) 100vw, (min-width: 824px) 383px, (min-width: 732px) 575px, (min-width: 640px) 732px, \" \/><div class=\"fusion-rollover\">\n\t<div class=\"fusion-rollover-content\">\n\n\t\t\t\t\n\t\t\n\t\t\t\t\t\t\t\t\t\t\t\t<h4 class=\"fusion-rollover-title\">\n\t\t\t\t\t<a class=\"fusion-rollover-title-link\" href=\"https:\/\/patagonia-summit.com\/en\/our-destination\/esqui\/?portfolioCats=23%2C24%2C25%2C33%2C42%2C22\">\n\t\t\t\t\t\tEsqui\t\t\t\t\t<\/a>\n\t\t\t\t<\/h4>\n\t\t\t\n\t\t\t\t\t\t\t\t\n\t\t\n\t\t\t\t\t\t<a class=\"fusion-link-wrapper\" href=\"https:\/\/patagonia-summit.com\/en\/our-destination\/esqui\/?portfolioCats=23%2C24%2C25%2C33%2C42%2C22\" aria-label=\"Esqui\"><\/a>\n\t<\/div>\n<\/div>\n<\/div>\n<\/div><\/article><article id=\"portfolio-1-post-55\" class=\"fusion-portfolio-post aventura escalada fusion-col-spacing post-55\"><div class=\"fusion-portfolio-content-wrapper\" style=\"border:none;\"><span class=\"entry-title rich-snippet-hidden\">CLIMBING<\/span><span class=\"vcard rich-snippet-hidden\"><span class=\"fn\"><a href=\"https:\/\/patagonia-summit.com\/en\/author\/administrators\/\" title=\"Posts by administrators\" rel=\"author\">administrators<\/a><\/span><\/span><span class=\"updated rich-snippet-hidden\">2020-06-18T21:27:31+00:00<\/span><div  class=\"fusion-image-wrapper\" aria-haspopup=\"true\">\n\t\t\t\t<img decoding=\"async\" width=\"800\" height=\"600\" src=\"https:\/\/patagonia-summit.com\/wp-content\/uploads\/2020\/05\/escalada-home-base.jpg\" class=\"attachment-full size-full wp-post-image\" alt=\"\" srcset=\"https:\/\/patagonia-summit.com\/wp-content\/uploads\/2020\/05\/escalada-home-base-200x150.jpg 200w, https:\/\/patagonia-summit.com\/wp-content\/uploads\/2020\/05\/escalada-home-base-400x300.jpg 400w, https:\/\/patagonia-summit.com\/wp-content\/uploads\/2020\/05\/escalada-home-base-600x450.jpg 600w, https:\/\/patagonia-summit.com\/wp-content\/uploads\/2020\/05\/escalada-home-base.jpg 800w\" sizes=\"(min-width: 2200px) 100vw, (min-width: 824px) 383px, (min-width: 732px) 575px, (min-width: 640px) 732px, \" \/><div class=\"fusion-rollover\">\n\t<div class=\"fusion-rollover-content\">\n\n\t\t\t\t\n\t\t\n\t\t\t\t\t\t\t\t\t\t\t\t<h4 class=\"fusion-rollover-title\">\n\t\t\t\t\t<a class=\"fusion-rollover-title-link\" href=\"https:\/\/patagonia-summit.com\/en\/our-destination\/escalada\/?portfolioCats=23%2C24%2C25%2C33%2C42%2C22\">\n\t\t\t\t\t\tCLIMBING\t\t\t\t\t<\/a>\n\t\t\t\t<\/h4>\n\t\t\t\n\t\t\t\t\t\t\t\t\n\t\t\n\t\t\t\t\t\t<a class=\"fusion-link-wrapper\" href=\"https:\/\/patagonia-summit.com\/en\/our-destination\/escalada\/?portfolioCats=23%2C24%2C25%2C33%2C42%2C22\" aria-label=\"CLIMBING\"><\/a>\n\t<\/div>\n<\/div>\n<\/div>\n<\/div><\/article><article id=\"portfolio-1-post-361\" class=\"fusion-portfolio-post ascenciones aventura fusion-col-spacing post-361\"><div class=\"fusion-portfolio-content-wrapper\" style=\"border:none;\"><span class=\"entry-title rich-snippet-hidden\">Ascenciones<\/span><span class=\"vcard rich-snippet-hidden\"><span class=\"fn\"><a href=\"https:\/\/patagonia-summit.com\/en\/author\/administrators\/\" title=\"Posts by administrators\" rel=\"author\">administrators<\/a><\/span><\/span><span class=\"updated rich-snippet-hidden\">2020-06-18T21:27:00+00:00<\/span><div  class=\"fusion-image-wrapper\" aria-haspopup=\"true\">\n\t\t\t\t<img decoding=\"async\" width=\"800\" height=\"600\" src=\"https:\/\/patagonia-summit.com\/wp-content\/uploads\/2020\/05\/ascenciones-home-base.jpg\" class=\"attachment-full size-full wp-post-image\" alt=\"\" srcset=\"https:\/\/patagonia-summit.com\/wp-content\/uploads\/2020\/05\/ascenciones-home-base-200x150.jpg 200w, https:\/\/patagonia-summit.com\/wp-content\/uploads\/2020\/05\/ascenciones-home-base-400x300.jpg 400w, https:\/\/patagonia-summit.com\/wp-content\/uploads\/2020\/05\/ascenciones-home-base-600x450.jpg 600w, https:\/\/patagonia-summit.com\/wp-content\/uploads\/2020\/05\/ascenciones-home-base.jpg 800w\" sizes=\"(min-width: 2200px) 100vw, (min-width: 824px) 383px, (min-width: 732px) 575px, (min-width: 640px) 732px, \" \/><div class=\"fusion-rollover\">\n\t<div class=\"fusion-rollover-content\">\n\n\t\t\t\t\n\t\t\n\t\t\t\t\t\t\t\t\t\t\t\t<h4 class=\"fusion-rollover-title\">\n\t\t\t\t\t<a class=\"fusion-rollover-title-link\" href=\"https:\/\/patagonia-summit.com\/en\/our-destination\/ascenciones\/?portfolioCats=23%2C24%2C25%2C33%2C42%2C22\">\n\t\t\t\t\t\tAscenciones\t\t\t\t\t<\/a>\n\t\t\t\t<\/h4>\n\t\t\t\n\t\t\t\t\t\t\t\t\n\t\t\n\t\t\t\t\t\t<a class=\"fusion-link-wrapper\" href=\"https:\/\/patagonia-summit.com\/en\/our-destination\/ascenciones\/?portfolioCats=23%2C24%2C25%2C33%2C42%2C22\" aria-label=\"Ascenciones\"><\/a>\n\t<\/div>\n<\/div>\n<\/div>\n<\/div><\/article><article id=\"portfolio-1-post-364\" class=\"fusion-portfolio-post aventura trekking fusion-col-spacing post-364\"><div class=\"fusion-portfolio-content-wrapper\" style=\"border:none;\"><span class=\"entry-title rich-snippet-hidden\">Trekking<\/span><span class=\"vcard rich-snippet-hidden\"><span class=\"fn\"><a href=\"https:\/\/patagonia-summit.com\/en\/author\/administrators\/\" title=\"Posts by administrators\" rel=\"author\">administrators<\/a><\/span><\/span><span class=\"updated rich-snippet-hidden\">2020-06-19T21:31:39+00:00<\/span><div  class=\"fusion-image-wrapper\" aria-haspopup=\"true\">\n\t\t\t\t<img decoding=\"async\" width=\"800\" height=\"600\" src=\"https:\/\/patagonia-summit.com\/wp-content\/uploads\/2020\/05\/trekking-home-base.jpg\" class=\"attachment-full size-full wp-post-image\" alt=\"\" srcset=\"https:\/\/patagonia-summit.com\/wp-content\/uploads\/2020\/05\/trekking-home-base-200x150.jpg 200w, https:\/\/patagonia-summit.com\/wp-content\/uploads\/2020\/05\/trekking-home-base-400x300.jpg 400w, https:\/\/patagonia-summit.com\/wp-content\/uploads\/2020\/05\/trekking-home-base-600x450.jpg 600w, https:\/\/patagonia-summit.com\/wp-content\/uploads\/2020\/05\/trekking-home-base.jpg 800w\" sizes=\"(min-width: 2200px) 100vw, (min-width: 824px) 383px, (min-width: 732px) 575px, (min-width: 640px) 732px, \" \/><div class=\"fusion-rollover\">\n\t<div class=\"fusion-rollover-content\">\n\n\t\t\t\t\n\t\t\n\t\t\t\t\t\t\t\t\t\t\t\t<h4 class=\"fusion-rollover-title\">\n\t\t\t\t\t<a class=\"fusion-rollover-title-link\" href=\"https:\/\/patagonia-summit.com\/en\/our-destination\/trekking\/?portfolioCats=23%2C24%2C25%2C33%2C42%2C22\">\n\t\t\t\t\t\tTrekking\t\t\t\t\t<\/a>\n\t\t\t\t<\/h4>\n\t\t\t\n\t\t\t\t\t\t\t\t\n\t\t\n\t\t\t\t\t\t<a class=\"fusion-link-wrapper\" href=\"https:\/\/patagonia-summit.com\/en\/our-destination\/trekking\/?portfolioCats=23%2C24%2C25%2C33%2C42%2C22\" aria-label=\"Trekking\"><\/a>\n\t<\/div>\n<\/div>\n<\/div>\n<\/div><\/article><article id=\"portfolio-1-post-1544\" class=\"fusion-portfolio-post aventura tour-fotografico fusion-col-spacing post-1544\"><div class=\"fusion-portfolio-content-wrapper\" style=\"border:none;\"><span class=\"entry-title rich-snippet-hidden\">Tour fotografico<\/span><span class=\"vcard rich-snippet-hidden\"><span class=\"fn\"><a href=\"https:\/\/patagonia-summit.com\/en\/author\/administrators\/\" title=\"Posts by administrators\" rel=\"author\">administrators<\/a><\/span><\/span><span class=\"updated rich-snippet-hidden\">2020-06-19T21:55:13+00:00<\/span><div  class=\"fusion-image-wrapper\" aria-haspopup=\"true\">\n\t\t\t\t<img decoding=\"async\" width=\"800\" height=\"600\" src=\"https:\/\/patagonia-summit.com\/wp-content\/uploads\/2020\/05\/tour-fotografico-home-base.jpg\" class=\"attachment-full size-full wp-post-image\" alt=\"\" srcset=\"https:\/\/patagonia-summit.com\/wp-content\/uploads\/2020\/05\/tour-fotografico-home-base-200x150.jpg 200w, https:\/\/patagonia-summit.com\/wp-content\/uploads\/2020\/05\/tour-fotografico-home-base-400x300.jpg 400w, https:\/\/patagonia-summit.com\/wp-content\/uploads\/2020\/05\/tour-fotografico-home-base-600x450.jpg 600w, https:\/\/patagonia-summit.com\/wp-content\/uploads\/2020\/05\/tour-fotografico-home-base.jpg 800w\" sizes=\"(min-width: 2200px) 100vw, (min-width: 824px) 383px, (min-width: 732px) 575px, (min-width: 640px) 732px, \" \/><div class=\"fusion-rollover\">\n\t<div class=\"fusion-rollover-content\">\n\n\t\t\t\t\n\t\t\n\t\t\t\t\t\t\t\t\t\t\t\t<h4 class=\"fusion-rollover-title\">\n\t\t\t\t\t<a class=\"fusion-rollover-title-link\" href=\"https:\/\/patagonia-summit.com\/en\/our-destination\/tour-fotografico\/?portfolioCats=23%2C24%2C25%2C33%2C42%2C22\">\n\t\t\t\t\t\tTour fotografico\t\t\t\t\t<\/a>\n\t\t\t\t<\/h4>\n\t\t\t\n\t\t\t\t\t\t\t\t\n\t\t\n\t\t\t\t\t\t<a class=\"fusion-link-wrapper\" href=\"https:\/\/patagonia-summit.com\/en\/our-destination\/tour-fotografico\/?portfolioCats=23%2C24%2C25%2C33%2C42%2C22\" aria-label=\"Tour fotografico\"><\/a>\n\t<\/div>\n<\/div>\n<\/div>\n<\/div><\/article><\/div><\/div><div class=\"fusion-sep-clear\"><\/div><div class=\"fusion-separator fusion-full-width-sep\" style=\"margin-left: auto;margin-right: auto;width:100%;\"><\/div><div class=\"fusion-sep-clear\"><\/div><div class=\"fusion-clearfix\"><\/div><\/div><\/div>\n<div class=\"fusion-layout-column fusion_builder_column fusion-builder-column-3 fusion_builder_column_1_1 1_1 fusion-one-full fusion-column-first fusion-column-last fusion-column-no-min-height\" style=\"--awb-bg-color:rgba(11,58,79,0);--awb-bg-color-hover:rgba(11,58,79,0);--awb-bg-size:cover;--awb-margin-bottom:0px;\"><div class=\"fusion-column-wrapper fusion-column-has-shadow fusion-flex-column-wrapper-legacy\"><div class=\"fusion-text fusion-text-3\"><h3 style=\"text-align: center;\"><span style=\"color: #ffffff;\">OUR PARTNERS<\/span><\/h3>\n<\/div><div class=\"fusion-sep-clear\"><\/div><div class=\"fusion-separator\" style=\"margin-left: auto;margin-right: auto;margin-bottom:40px;width:100%;max-width:170px;\"><div class=\"fusion-separator-border sep-single sep-solid\" style=\"--awb-height:20px;--awb-amount:20px;--awb-sep-color:#ffffff;border-color:#ffffff;border-top-width:1px;\"><\/div><\/div><div class=\"fusion-sep-clear\"><\/div><div class=\"fusion-image-carousel fusion-image-carousel-auto fusion-image-carousel-1\"><div class=\"awb-carousel awb-swiper awb-swiper-carousel\" data-autoplay=\"no\" data-columns=\"5\" data-itemmargin=\"45\" data-itemwidth=\"180\" data-touchscroll=\"no\" data-imagesize=\"auto\" data-scrollitems=\"1\" style=\"--awb-column-spacing:45px;\"><div class=\"swiper-wrapper awb-image-carousel-wrapper fusion-flex-align-items-center\"><div class=\"swiper-slide\"><div class=\"fusion-carousel-item-wrapper\"><div class=\"fusion-image-wrapper hover-type-none\"><a href=\"http:\/\/www.patagonian.com\/\" target=\"_blank\" rel=\"noopener noreferrer\"><img decoding=\"async\" width=\"197\" height=\"115\" src=\"https:\/\/patagonia-summit.com\/wp-content\/uploads\/2020\/04\/logo-patagonian.png\" class=\"attachment-full size-full\" alt=\"Patagonian\" \/><\/a><\/div><\/div><\/div><div class=\"swiper-slide\"><div class=\"fusion-carousel-item-wrapper\"><div class=\"fusion-image-wrapper hover-type-none\"><a href=\"https:\/\/www.patagoniaonfoot.com\/\" target=\"_blank\" rel=\"noopener noreferrer\"><img decoding=\"async\" width=\"197\" height=\"115\" src=\"https:\/\/patagonia-summit.com\/wp-content\/uploads\/2020\/04\/logo-patagonia-on-foot.png\" class=\"attachment-full size-full\" alt=\"Patagonia on foot\" \/><\/a><\/div><\/div><\/div><div class=\"swiper-slide\"><div class=\"fusion-carousel-item-wrapper\"><div class=\"fusion-image-wrapper hover-type-none\"><a href=\"http:\/\/patagoniahuts.com\/\" target=\"_blank\" rel=\"noopener noreferrer\"><img decoding=\"async\" width=\"197\" height=\"115\" src=\"https:\/\/patagonia-summit.com\/wp-content\/uploads\/2020\/04\/logo-patagonia-huts.png\" class=\"attachment-full size-full\" alt=\"Patagonia huts\" \/><\/a><\/div><\/div><\/div><div class=\"swiper-slide\"><div class=\"fusion-carousel-item-wrapper\"><div class=\"fusion-image-wrapper hover-type-none\"><img decoding=\"async\" width=\"197\" height=\"115\" src=\"https:\/\/patagonia-summit.com\/wp-content\/uploads\/2020\/04\/logo-patagonia-discovery.png\" class=\"attachment-full size-full\" alt=\"\" \/><\/div><\/div><\/div><\/div><div class=\"awb-swiper-button awb-swiper-button-prev\"><i class=\"awb-icon-angle-left\" aria-hidden=\"true\"><\/i><\/div><div class=\"awb-swiper-button awb-swiper-button-next\"><i class=\"awb-icon-angle-right\" aria-hidden=\"true\"><\/i><\/div><\/div><\/div><div class=\"fusion-clearfix\"><\/div><\/div><\/div><\/div><\/div><\/p>","protected":false},"excerpt":{"rendered":"","protected":false},"author":1,"featured_media":0,"parent":0,"menu_order":0,"comment_status":"closed","ping_status":"open","template":"100-width.php","meta":{"footnotes":""},"class_list":["post-7","page","type-page","status-publish","hentry"],"_links":{"self":[{"href":"https:\/\/patagonia-summit.com\/en\/wp-json\/wp\/v2\/pages\/7"}],"collection":[{"href":"https:\/\/patagonia-summit.com\/en\/wp-json\/wp\/v2\/pages"}],"about":[{"href":"https:\/\/patagonia-summit.com\/en\/wp-json\/wp\/v2\/types\/page"}],"author":[{"embeddable":true,"href":"https:\/\/patagonia-summit.com\/en\/wp-json\/wp\/v2\/users\/1"}],"replies":[{"embeddable":true,"href":"https:\/\/patagonia-summit.com\/en\/wp-json\/wp\/v2\/comments?post=7"}],"version-history":[{"count":61,"href":"https:\/\/patagonia-summit.com\/en\/wp-json\/wp\/v2\/pages\/7\/revisions"}],"predecessor-version":[{"id":1648,"href":"https:\/\/patagonia-summit.com\/en\/wp-json\/wp\/v2\/pages\/7\/revisions\/1648"}],"wp:attachment":[{"href":"https:\/\/patagonia-summit.com\/en\/wp-json\/wp\/v2\/media?parent=7"}],"curies":[{"name":"wp","href":"https:\/\/api.w.org\/{rel}","templated":true}]}}